{"id":11114,"date":"2022-06-14T10:28:44","date_gmt":"2022-06-14T10:28:44","guid":{"rendered":"\/?page_id=11114"},"modified":"2022-06-14T10:28:44","modified_gmt":"2022-06-14T10:28:44","slug":"regulation","status":"publish","type":"page","link":"https:\/\/unkorce.edu.al\/en\/regulation\/","title":{"rendered":"Regulation"},"content":{"rendered":"<div class=\"wp-block-columns is-layout-flex wp-container-core-columns-is-layout-9d6595d7 wp-block-columns-is-layout-flex\">\n<div class=\"wp-block-column is-layout-flow wp-block-column-is-layout-flow\">\n<h2 class=\"wp-block-heading\"><a href=\"\/wp-content\/uploads\/2024\/06\/FINAL-UNIKO-Questions-for-Partners-January-2022.pdf\">Regulation of Staff and Student Exchange<\/a><\/h2>\n\n\n\n<div data-wp-interactive=\"core\/file\" class=\"wp-block-file\"><object data-wp-bind--hidden=\"!state.hasPdfPreview\" hidden class=\"wp-block-file__embed\" data=\"\/wp-content\/uploads\/2024\/06\/FINAL-UNIKO-Questions-for-Partners-January-2022.pdf\" type=\"application\/pdf\" style=\"width:100%;height:390px\" aria-label=\"Embed of Regulation of Staff and Student Exchange.\"><\/object><a id=\"wp-block-file--media-97d826b6-a6c5-444b-91c3-2a102b7257cf\" href=\"\/wp-content\/uploads\/2024\/06\/FINAL-UNIKO-Questions-for-Partners-January-2022.pdf\">Regulation of Staff and Student Exchange<\/a><a href=\"\/wp-content\/uploads\/2024\/06\/FINAL-UNIKO-Questions-for-Partners-January-2022.pdf\" class=\"wp-block-file__button wp-element-button\" download aria-describedby=\"wp-block-file--media-97d826b6-a6c5-444b-91c3-2a102b7257cf\">Shkarkoje<\/a><\/div>\n\n\n\n<p><a href=\"\/wp-content\/uploads\/2024\/06\/FINAL-UNIKO-Questions-for-Partners-January-2022.pdf\">HAP N\u00cb PDF<\/a><\/p>\n<\/div>\n\n\n\n<div class=\"wp-block-column is-layout-flow wp-block-column-is-layout-flow\">\n<h2 class=\"wp-block-heading\"><a href=\"\/wp-content\/uploads\/2024\/03\/Erasmus-Guide.pdf\">Erasmus+ Guide<\/a><\/h2>\n\n\n\n<p><\/p>\n\n\n\n<div data-wp-interactive=\"core\/file\" class=\"wp-block-file\"><object data-wp-bind--hidden=\"!state.hasPdfPreview\" hidden class=\"wp-block-file__embed\" data=\"\/wp-content\/uploads\/2024\/06\/Welcome-guide-for-incoming-students-and-staff.pdf\" type=\"application\/pdf\" style=\"width:100%;height:390px\" aria-label=\"Embed of Erasmus+ Guide                       .\"><\/object><a id=\"wp-block-file--media-1c25c072-70ec-4bea-8b7d-5e72abbfd68f\" href=\"\/wp-content\/uploads\/2024\/06\/Welcome-guide-for-incoming-students-and-staff.pdf\">Erasmus+ Guide                       <\/a><a href=\"\/wp-content\/uploads\/2024\/06\/Welcome-guide-for-incoming-students-and-staff.pdf\" class=\"wp-block-file__button wp-element-button\" download aria-describedby=\"wp-block-file--media-1c25c072-70ec-4bea-8b7d-5e72abbfd68f\">Shkarkoje<\/a><\/div>\n\n\n\n<p><a href=\"\/wp-content\/uploads\/2024\/06\/Welcome-guide-for-incoming-students-and-staff.pdf\">HAP N\u00cb PDF<\/a><\/p>\n<\/div>\n\n\n\n<div class=\"wp-block-column is-layout-flow wp-block-column-is-layout-flow\">\n<h2 class=\"wp-block-heading\"><a href=\"\/wp-content\/uploads\/2024\/06\/Erasmus-Course-Catalogue.xlsx\">Erasmus+ Course Catalogue<\/a><\/h2>\n\n\n\n<figure class=\"wp-block-image size-full\"><img decoding=\"async\" src=\"\/wp-content\/uploads\/2024\/06\/dasfsdaf1.png\" alt=\"\" class=\"wp-image-25060\"\/><\/figure>\n\n\n\n<div class=\"wp-block-file\"><a id=\"wp-block-file--media-bd93e93d-c257-421b-b9fa-b68725db3238\" href=\"\/wp-content\/uploads\/2024\/06\/Erasmus-Course-Catalogue.xlsx\">Erasmus-Course-Catalogue<\/a><a href=\"\/wp-content\/uploads\/2024\/06\/Erasmus-Course-Catalogue.xlsx\" class=\"wp-block-file__button wp-element-button\" download aria-describedby=\"wp-block-file--media-bd93e93d-c257-421b-b9fa-b68725db3238\">Shkarkoje<\/a><\/div>\n\n\n\n<p><a href=\"\/wp-content\/uploads\/2024\/06\/Erasmus-Course-Catalogue-1.xlsx\">HAP N\u00cb PDF<\/a><\/p>\n<\/div>\n<\/div>","protected":false},"excerpt":{"rendered":"<p>Regulation of Staff and Student Exchange HAP N\u00cb PDF Erasmus+ Guide HAP N\u00cb PDF Erasmus+ Course Catalogue HAP N\u00cb PDF<\/p>","protected":false},"author":122,"featured_media":0,"parent":0,"menu_order":0,"comment_status":"closed","ping_status":"closed","template":"","meta":{"_acf_changed":false,"footnotes":""},"class_list":["post-11114","page","type-page","status-publish","hentry"],"acf":[],"yoast_head":"<!-- This site is optimized with the Yoast SEO plugin v26.9 - https:\/\/yoast.com\/product\/yoast-seo-wordpress\/ -->\n<title>Regulation - Universiteti &quot;Fan S. Noli&quot;, Kor\u00e7\u00eb<\/title>\n<meta name=\"robots\" content=\"index, follow, max-snippet:-1, max-image-preview:large, max-video-preview:-1\" \/>\n<link rel=\"canonical\" href=\"https:\/\/unkorce.edu.al\/en\/regulation\/\" \/>\n<meta property=\"og:locale\" content=\"en_US\" \/>\n<meta property=\"og:type\" content=\"article\" \/>\n<meta property=\"og:title\" content=\"Regulation - Universiteti &quot;Fan S. Noli&quot;, Kor\u00e7\u00eb\" \/>\n<meta property=\"og:description\" content=\"Regulation of Staff and Student Exchange HAP N\u00cb PDF Erasmus+ Guide HAP N\u00cb PDF Erasmus+ Course Catalogue HAP N\u00cb PDF\" \/>\n<meta property=\"og:url\" content=\"https:\/\/unkorce.edu.al\/en\/regulation\/\" \/>\n<meta property=\"og:site_name\" content=\"Universiteti &quot;Fan S. Noli&quot;, Kor\u00e7\u00eb\" \/>\n<meta property=\"article:publisher\" content=\"https:\/\/www.facebook.com\/unkorce\" \/>\n<meta name=\"twitter:card\" content=\"summary_large_image\" \/>\n<script type=\"application\/ld+json\" class=\"yoast-schema-graph\">{\"@context\":\"https:\/\/schema.org\",\"@graph\":[{\"@type\":\"WebPage\",\"@id\":\"https:\/\/unkorce.edu.al\/regulation\/\",\"url\":\"https:\/\/unkorce.edu.al\/regulation\/\",\"name\":\"Regulation - Universiteti \\\"Fan S. Noli\\\", Kor\u00e7\u00eb\",\"isPartOf\":{\"@id\":\"https:\/\/unkorce.edu.al\/#website\"},\"datePublished\":\"2022-06-14T10:28:44+00:00\",\"breadcrumb\":{\"@id\":\"https:\/\/unkorce.edu.al\/regulation\/#breadcrumb\"},\"inLanguage\":\"en-US\",\"potentialAction\":[{\"@type\":\"ReadAction\",\"target\":[\"https:\/\/unkorce.edu.al\/regulation\/\"]}]},{\"@type\":\"BreadcrumbList\",\"@id\":\"https:\/\/unkorce.edu.al\/regulation\/#breadcrumb\",\"itemListElement\":[{\"@type\":\"ListItem\",\"position\":1,\"name\":\"Home\",\"item\":\"https:\/\/unkorce.edu.al\/\"},{\"@type\":\"ListItem\",\"position\":2,\"name\":\"Regulation\"}]},{\"@type\":\"WebSite\",\"@id\":\"https:\/\/unkorce.edu.al\/#website\",\"url\":\"https:\/\/unkorce.edu.al\/\",\"name\":\"Universiteti \\\"Fan S. Noli\\\", Kor\u00e7\u00eb\",\"description\":\"Mir&euml;sevini n&euml; faqen zyrtare!\",\"publisher\":{\"@id\":\"https:\/\/unkorce.edu.al\/#organization\"},\"potentialAction\":[{\"@type\":\"SearchAction\",\"target\":{\"@type\":\"EntryPoint\",\"urlTemplate\":\"https:\/\/unkorce.edu.al\/?s={search_term_string}\"},\"query-input\":{\"@type\":\"PropertyValueSpecification\",\"valueRequired\":true,\"valueName\":\"search_term_string\"}}],\"inLanguage\":\"en-US\"},{\"@type\":\"Organization\",\"@id\":\"https:\/\/unkorce.edu.al\/#organization\",\"name\":\"Universiteti \\\"Fan S. Noli\\\", Kor\u00e7\u00eb\",\"url\":\"https:\/\/unkorce.edu.al\/\",\"logo\":{\"@type\":\"ImageObject\",\"inLanguage\":\"en-US\",\"@id\":\"https:\/\/unkorce.edu.al\/#\/schema\/logo\/image\/\",\"url\":\"https:\/\/unkorce.edu.al\/wp-content\/uploads\/2024\/08\/Logo_e_Universitetit__Fan_Noli_-e1726660879862.png\",\"contentUrl\":\"https:\/\/unkorce.edu.al\/wp-content\/uploads\/2024\/08\/Logo_e_Universitetit__Fan_Noli_-e1726660879862.png\",\"width\":200,\"height\":120,\"caption\":\"Universiteti \\\"Fan S. Noli\\\", Kor\u00e7\u00eb\"},\"image\":{\"@id\":\"https:\/\/unkorce.edu.al\/#\/schema\/logo\/image\/\"},\"sameAs\":[\"https:\/\/www.facebook.com\/unkorce\"]}]}<\/script>\n<!-- \/ Yoast SEO plugin. -->","yoast_head_json":{"title":"Regulation - Universiteti \"Fan S. Noli\", Kor\u00e7\u00eb","robots":{"index":"index","follow":"follow","max-snippet":"max-snippet:-1","max-image-preview":"max-image-preview:large","max-video-preview":"max-video-preview:-1"},"canonical":"https:\/\/unkorce.edu.al\/en\/regulation\/","og_locale":"en_US","og_type":"article","og_title":"Regulation - Universiteti \"Fan S. Noli\", Kor\u00e7\u00eb","og_description":"Regulation of Staff and Student Exchange HAP N\u00cb PDF Erasmus+ Guide HAP N\u00cb PDF Erasmus+ Course Catalogue HAP N\u00cb PDF","og_url":"https:\/\/unkorce.edu.al\/en\/regulation\/","og_site_name":"Universiteti \"Fan S. Noli\", Kor\u00e7\u00eb","article_publisher":"https:\/\/www.facebook.com\/unkorce","twitter_card":"summary_large_image","schema":{"@context":"https:\/\/schema.org","@graph":[{"@type":"WebPage","@id":"https:\/\/unkorce.edu.al\/regulation\/","url":"https:\/\/unkorce.edu.al\/regulation\/","name":"Regulation - Universiteti \"Fan S. Noli\", Kor\u00e7\u00eb","isPartOf":{"@id":"https:\/\/unkorce.edu.al\/#website"},"datePublished":"2022-06-14T10:28:44+00:00","breadcrumb":{"@id":"https:\/\/unkorce.edu.al\/regulation\/#breadcrumb"},"inLanguage":"en-US","potentialAction":[{"@type":"ReadAction","target":["https:\/\/unkorce.edu.al\/regulation\/"]}]},{"@type":"BreadcrumbList","@id":"https:\/\/unkorce.edu.al\/regulation\/#breadcrumb","itemListElement":[{"@type":"ListItem","position":1,"name":"Home","item":"https:\/\/unkorce.edu.al\/"},{"@type":"ListItem","position":2,"name":"Regulation"}]},{"@type":"WebSite","@id":"https:\/\/unkorce.edu.al\/#website","url":"https:\/\/unkorce.edu.al\/","name":"Universiteti \"Fan S. Noli\", Kor\u00e7\u00eb","description":"Mir&euml;sevini n&euml; faqen zyrtare!","publisher":{"@id":"https:\/\/unkorce.edu.al\/#organization"},"potentialAction":[{"@type":"SearchAction","target":{"@type":"EntryPoint","urlTemplate":"https:\/\/unkorce.edu.al\/?s={search_term_string}"},"query-input":{"@type":"PropertyValueSpecification","valueRequired":true,"valueName":"search_term_string"}}],"inLanguage":"en-US"},{"@type":"Organization","@id":"https:\/\/unkorce.edu.al\/#organization","name":"Universiteti \"Fan S. Noli\", Kor\u00e7\u00eb","url":"https:\/\/unkorce.edu.al\/","logo":{"@type":"ImageObject","inLanguage":"en-US","@id":"https:\/\/unkorce.edu.al\/#\/schema\/logo\/image\/","url":"https:\/\/unkorce.edu.al\/wp-content\/uploads\/2024\/08\/Logo_e_Universitetit__Fan_Noli_-e1726660879862.png","contentUrl":"https:\/\/unkorce.edu.al\/wp-content\/uploads\/2024\/08\/Logo_e_Universitetit__Fan_Noli_-e1726660879862.png","width":200,"height":120,"caption":"Universiteti \"Fan S. Noli\", Kor\u00e7\u00eb"},"image":{"@id":"https:\/\/unkorce.edu.al\/#\/schema\/logo\/image\/"},"sameAs":["https:\/\/www.facebook.com\/unkorce"]}]}},"_links":{"self":[{"href":"https:\/\/unkorce.edu.al\/en\/wp-json\/wp\/v2\/pages\/11114","targetHints":{"allow":["GET"]}}],"collection":[{"href":"https:\/\/unkorce.edu.al\/en\/wp-json\/wp\/v2\/pages"}],"about":[{"href":"https:\/\/unkorce.edu.al\/en\/wp-json\/wp\/v2\/types\/page"}],"author":[{"embeddable":true,"href":"https:\/\/unkorce.edu.al\/en\/wp-json\/wp\/v2\/users\/122"}],"replies":[{"embeddable":true,"href":"https:\/\/unkorce.edu.al\/en\/wp-json\/wp\/v2\/comments?post=11114"}],"version-history":[{"count":0,"href":"https:\/\/unkorce.edu.al\/en\/wp-json\/wp\/v2\/pages\/11114\/revisions"}],"wp:attachment":[{"href":"https:\/\/unkorce.edu.al\/en\/wp-json\/wp\/v2\/media?parent=11114"}],"curies":[{"name":"wp","href":"https:\/\/api.w.org\/{rel}","templated":true}]}}